{"id":600,"date":"2024-02-07T20:07:44","date_gmt":"2024-02-07T19:07:44","guid":{"rendered":"https:\/\/eticalegal.mx\/tienda\/?post_type=product&#038;p=600"},"modified":"2025-04-29T15:59:47","modified_gmt":"2025-04-29T21:59:47","slug":"coaching-laboral-en-mexico-evaluacion-psicometrica-y-desarrollo-profesional","status":"publish","type":"product","link":"https:\/\/eticalegal.mx\/tienda\/producto\/coaching-laboral-en-mexico-evaluacion-psicometrica-y-desarrollo-profesional\/","title":{"rendered":"Coaching Laboral | Evaluaci\u00f3n Psicom\u00e9trica y Desarrollo Profesional"},"content":{"rendered":"","protected":false},"excerpt":{"rendered":"<h4 style=\"text-align: center;\"><b>Pago \u00fanico<\/b><\/h4>\n<p style=\"text-align: center;\"><strong>$500<\/strong><\/p>\n<div style=\"text-align: center; margin: 20px 0;\"><p class=\"product woocommerce add_to_cart_inline \" style=\"border:0px solid #000;\"><a href=\"?add-to-cart=600\" data-quantity=\"1\" class=\"button product_type_simple add_to_cart_button ajax_add_to_cart\" data-product_id=\"600\" data-product_sku=\"\" aria-label=\"A\u00f1adir al carrito: &ldquo;Coaching Laboral | Evaluaci\u00f3n Psicom\u00e9trica y Desarrollo Profesional&rdquo;\" aria-describedby=\"\" rel=\"nofollow\">A\u00f1adir al carrito<\/a><\/p><\/div>\n<p style=\"text-align: center;\"><strong>Servicio de Coaching Laboral con Evaluaci\u00f3n Psicom\u00e9trica<\/strong><\/p>\n<p>&nbsp;<\/p>\n","protected":false},"featured_media":624,"template":"","meta":[],"product_cat":[91],"product_tag":[],"_links":{"self":[{"href":"https:\/\/eticalegal.mx\/tienda\/wp-json\/wp\/v2\/product\/600"}],"collection":[{"href":"https:\/\/eticalegal.mx\/tienda\/wp-json\/wp\/v2\/product"}],"about":[{"href":"https:\/\/eticalegal.mx\/tienda\/wp-json\/wp\/v2\/types\/product"}],"wp:featuredmedia":[{"embeddable":true,"href":"https:\/\/eticalegal.mx\/tienda\/wp-json\/wp\/v2\/media\/624"}],"wp:attachment":[{"href":"https:\/\/eticalegal.mx\/tienda\/wp-json\/wp\/v2\/media?parent=600"}],"wp:term":[{"taxonomy":"product_cat","embeddable":true,"href":"https:\/\/eticalegal.mx\/tienda\/wp-json\/wp\/v2\/product_cat?post=600"},{"taxonomy":"product_tag","embeddable":true,"href":"https:\/\/eticalegal.mx\/tienda\/wp-json\/wp\/v2\/product_tag?post=600"}],"curies":[{"name":"wp","href":"https:\/\/api.w.org\/{rel}","templated":true}]}}