{"id":569,"date":"2024-01-30T04:55:39","date_gmt":"2024-01-30T03:55:39","guid":{"rendered":"https:\/\/eticalegal.mx\/tienda\/?post_type=product&#038;p=569"},"modified":"2025-04-29T16:02:13","modified_gmt":"2025-04-29T22:02:13","slug":"estudio-socioeconomico-para-becas-escolares","status":"publish","type":"product","link":"https:\/\/eticalegal.mx\/tienda\/producto\/estudio-socioeconomico-para-becas-escolares\/","title":{"rendered":"Estudio Socioecon\u00f3mico para Becas Escolares | An\u00e1lisis Confiable y Legal"},"content":{"rendered":"","protected":false},"excerpt":{"rendered":"<h4 style=\"text-align: center;\"><strong><span class=\"OYPEnA text-decoration-none text-strikethrough-none\">Precio Unitario del Servicio Online.<\/span><\/strong><\/h4>\n<h4 style=\"text-align: center;\">$600.00<\/h4>\n<div style=\"text-align: center; margin: 20px 0;\"><p class=\"product woocommerce add_to_cart_inline \" style=\"border:0px solid #000;\"><a href=\"?add-to-cart=569\" data-quantity=\"1\" class=\"button product_type_simple add_to_cart_button ajax_add_to_cart\" data-product_id=\"569\" data-product_sku=\"\" aria-label=\"A\u00f1adir al carrito: &ldquo;Estudio Socioecon\u00f3mico para Becas Escolares | An\u00e1lisis Confiable y Legal&rdquo;\" aria-describedby=\"\" rel=\"nofollow\">A\u00f1adir al carrito<\/a><\/p><\/div>\n<p style=\"text-align: center;\"><strong data-start=\"91\" data-end=\"150\">Estudio Socioecon\u00f3mico para Becas Escolares<\/strong><br data-start=\"150\" data-end=\"153\" \/>Verifica si los aspirantes cumplen con los requisitos.<br \/>\nResultados en 48 h. Cumplimos la Ley de Protecci\u00f3n de Datos.<br \/>\n\u00a1Asignaci\u00f3n justa y transparente para tu instituci\u00f3n!<\/p>\n<div class=\"w-full pt-2 md:pt-0 dark:border-white\/20 md:border-transparent md:dark:border-transparent md:w-[calc(100%-.5rem)]\">\n<form class=\"stretch mx-2 flex flex-row gap-3 last:mb-2 md:mx-4 md:last:mb-6 lg:mx-auto lg:max-w-2xl xl:max-w-3xl\">\n<div class=\"relative flex h-full flex-1 items-stretch md:flex-col\">\n<div class=\"flex w-full items-center\"><\/div>\n<\/div>\n<\/form>\n<\/div>\n","protected":false},"featured_media":623,"template":"","meta":[],"product_cat":[91],"product_tag":[],"_links":{"self":[{"href":"https:\/\/eticalegal.mx\/tienda\/wp-json\/wp\/v2\/product\/569"}],"collection":[{"href":"https:\/\/eticalegal.mx\/tienda\/wp-json\/wp\/v2\/product"}],"about":[{"href":"https:\/\/eticalegal.mx\/tienda\/wp-json\/wp\/v2\/types\/product"}],"wp:featuredmedia":[{"embeddable":true,"href":"https:\/\/eticalegal.mx\/tienda\/wp-json\/wp\/v2\/media\/623"}],"wp:attachment":[{"href":"https:\/\/eticalegal.mx\/tienda\/wp-json\/wp\/v2\/media?parent=569"}],"wp:term":[{"taxonomy":"product_cat","embeddable":true,"href":"https:\/\/eticalegal.mx\/tienda\/wp-json\/wp\/v2\/product_cat?post=569"},{"taxonomy":"product_tag","embeddable":true,"href":"https:\/\/eticalegal.mx\/tienda\/wp-json\/wp\/v2\/product_tag?post=569"}],"curies":[{"name":"wp","href":"https:\/\/api.w.org\/{rel}","templated":true}]}}